{"id":125334,"date":"2020-06-04T15:58:22","date_gmt":"2020-06-04T13:58:22","guid":{"rendered":"https:\/\/www.stayinspired.de\/imprint\/"},"modified":"2020-06-04T15:58:22","modified_gmt":"2020-06-04T13:58:22","slug":"imprint","status":"publish","type":"page","link":"https:\/\/www.stayinspired.de\/en\/imprint\/","title":{"rendered":"Imprint"},"content":{"rendered":"<p><strong>Angaben gem\u00e4\u00df \u00a7 5 TMG:<\/strong><\/p>\n<p>Nova MD GmbH<br \/>\nRaiffeisenstr. 4<br \/>\n83377 Vachendorf<br \/>\nGermany<\/p>\n<p><strong>Vertreten durch:<\/strong><br \/>\nArmin Wirth<\/p>\n<p><strong>Kontakt:<\/strong><br \/>\nTelefon: <a href=\"tel:+498611661732\">+49 (0) 861 166 17 32<\/a><br \/>\nE-Mail: info@stayinspired.de<\/p>\n<p><strong>Registereintrag:<\/strong> Eintragung im Handelsregister<br \/>\n<strong>Registergericht:\u00a0<\/strong>Traunstein Registernummer: HRB 27399<br \/>\n<strong>Umsatzsteuer-ID:<\/strong> Umsatzsteuer-Identifikationsnummer gem\u00e4\u00df \u00a727 a Umsatzsteuergesetz: DE 201485 165<\/p>\n<p><strong>Verantwortlich f\u00fcr den Inhalt nach \u00a7 55 Abs. 2 RStV:<\/strong><br \/>\nArmin Wirth<\/p>\n<p>Dieses Online-Angebot ist eine Franchise-Kooperation. Rechteinhaber ist:<\/p>\n<p>Nova MD GmbH<br \/>\nRaiffeisenstr. 4<br \/>\n83377 Vachendorf<br \/>\nGermany<\/p>\n<h2>Copyright<\/h2>\n<p>Die Datenbank ist Urheberrechtlich gesch\u00fctzt.<br \/>\nS\u00e4mtliche Daten, Texte und Bilder sind Eigentum der jeweiligen Rechteinhaber und der Nova MD GmbH.<br \/>\nDie Verwendung oder Verlinkung zu privaten und gewerblichen Zwecken ist strengstens untersagt.<br \/>\nDie Gew\u00e4hrleistungsbedingungen und Schadensersatz Anspr\u00fcche bei Zuwiderhandlung entnehmen Sie bitte den allgemeinen Gesch\u00e4ftsbedingungen<br \/>\nCopyright Nova MD GmbH. Alle Rechte vorbehalten.<\/p>\n<h2>Haftungsausschluss<\/h2>\n<p>Haftung f\u00fcr Inhalte<br \/>\nDie Inhalte unserer Seiten wurden mit gr\u00f6\u00dfter Sorgfalt erstellt. F\u00fcr die Richtigkeit, Vollst\u00e4ndigkeit und Aktualit\u00e4t der Inhalte k\u00f6nnen wir jedoch keine Gew\u00e4hr \u00fcbernehmen. Als Diensteanbieter sind wir gem\u00e4\u00df \u00a7 7 Abs.1 TMG f\u00fcr eigene Inhalte auf diesen Seiten nach den allgemeinen Gesetzen verantwortlich. Nach \u00a7 8 bis 10 TMG sind wir als Diensteanbieter jedoch nicht verpflichtet, \u00fcbermittelte oder gespeicherte fremde Informationen zu \u00fcberwachen oder nach Umst\u00e4nden zu forschen, die auf eine rechtswidrige T\u00e4tigkeit hinweisen. Verpflichtungen zur Entfernung oder Sperrung der Nutzung von Informationen nach den allgemeinen Gesetzen bleiben hiervon unber\u00fchrt. Eine diesbez\u00fcgliche Haftung ist jedoch erst ab dem Zeitpunkt der Kenntnis einer konkreten Rechtsverletzung m\u00f6glich. Bei Bekanntwerden von entsprechenden Rechtsverletzungen werden wir diese Inhalte umgehend entfernen.<\/p>\n<h2>Haftung f\u00fcr Links<\/h2>\n<p>Unser Angebot enth\u00e4lt Links zu externen Webseiten Dritter, auf deren Inhalte wir keinen Einfluss haben. Deshalb k\u00f6nnen wir f\u00fcr diese fremden Inhalte auch keine Gew\u00e4hr \u00fcbernehmen. F\u00fcr die Inhalte der verlinkten Seiten ist stets der jeweilige Anbieter oder Betreiber der Seiten verantwortlich. Die verlinkten Seiten wurden zum Zeitpunkt der Verlinkung auf m\u00f6gliche Rechtsverst\u00f6\u00dfe \u00fcberpr\u00fcft. Rechtswidrige Inhalte waren zum Zeitpunkt der Verlinkung nicht erkennbar. Eine permanente inhaltliche Kontrolle der verlinkten Seiten ist jedoch ohne konkrete Anhaltspunkte einer Rechtsverletzung nicht zumutbar. Bei Bekanntwerden von Rechtsverletzungen werden wir derartige Links umgehend entfernen.<br \/>\n<div class=\"woocommerce woocommerce-gzd woocommerce-gzd-complaints-shortcode\">\n\t\t\t<h3>Alternative Dispute Resolution in accordance with Art. 14 (1) ODR-VO and \u00a7 36 VSBG:<\/h3>\n\t\nZur Teilnahme an einem Streitbeilegungsverfahren vor einer Verbraucherschlichtungsstelle sind wir nicht verpflichtet und nicht bereit.<\/div>\n","protected":false},"excerpt":{"rendered":"<p>Angaben gem\u00e4\u00df \u00a7 5 TMG: Nova MD GmbH Raiffeisenstr. 4 83377 Vachendorf Germany Vertreten durch: Armin Wirth Kontakt: Telefon: +49 (0) 861 166 17 32 E-Mail: info@stayinspired.de Registereintrag: Eintragung im Handelsregister Registergericht:\u00a0Traunstein Registernummer: HRB 27399 Umsatzsteuer-ID: Umsatzsteuer-Identifikationsnummer gem\u00e4\u00df \u00a727 a Umsatzsteuergesetz: DE 201485 165 Verantwortlich f\u00fcr den Inhalt nach \u00a7 55 Abs. 2 RStV: Armin&#8230;<\/p>\n","protected":false},"author":1,"featured_media":0,"parent":0,"menu_order":0,"comment_status":"closed","ping_status":"closed","template":"","meta":{"footnotes":""},"class_list":["post-125334","page","type-page","status-publish","hentry"],"yoast_head":"<!-- This site is optimized with the Yoast SEO plugin v25.3.1 - https:\/\/yoast.com\/wordpress\/plugins\/seo\/ -->\n<title>Imprint | Stay Inspired!<\/title>\n<meta name=\"robots\" content=\"noindex, follow\" \/>\n<meta property=\"og:locale\" content=\"en_US\" \/>\n<meta property=\"og:type\" content=\"article\" \/>\n<meta property=\"og:title\" content=\"Imprint | Stay Inspired!\" \/>\n<meta property=\"og:description\" content=\"Angaben gem\u00e4\u00df \u00a7 5 TMG: Nova MD GmbH Raiffeisenstr. 4 83377 Vachendorf Germany Vertreten durch: Armin Wirth Kontakt: Telefon: +49 (0) 861 166 17 32 E-Mail: info@stayinspired.de Registereintrag: Eintragung im Handelsregister Registergericht:\u00a0Traunstein Registernummer: HRB 27399 Umsatzsteuer-ID: Umsatzsteuer-Identifikationsnummer gem\u00e4\u00df \u00a727 a Umsatzsteuergesetz: DE 201485 165 Verantwortlich f\u00fcr den Inhalt nach \u00a7 55 Abs. 2 RStV: Armin...\" \/>\n<meta property=\"og:url\" content=\"https:\/\/www.stayinspired.de\/en\/imprint\/\" \/>\n<meta property=\"og:site_name\" content=\"Stay Inspired!\" \/>\n<meta name=\"twitter:card\" content=\"summary_large_image\" \/>\n<meta name=\"twitter:label1\" content=\"Est. reading time\" \/>\n\t<meta name=\"twitter:data1\" content=\"2 minutes\" \/>\n<script type=\"application\/ld+json\" class=\"yoast-schema-graph\">{\"@context\":\"https:\/\/schema.org\",\"@graph\":[{\"@type\":\"WebPage\",\"@id\":\"https:\/\/www.stayinspired.de\/en\/imprint\/\",\"url\":\"https:\/\/www.stayinspired.de\/en\/imprint\/\",\"name\":\"Imprint | Stay Inspired!\",\"isPartOf\":{\"@id\":\"https:\/\/www.stayinspired.de\/en\/#website\"},\"datePublished\":\"2020-06-04T13:58:22+00:00\",\"breadcrumb\":{\"@id\":\"https:\/\/www.stayinspired.de\/en\/imprint\/#breadcrumb\"},\"inLanguage\":\"en-US\",\"potentialAction\":[{\"@type\":\"ReadAction\",\"target\":[\"https:\/\/www.stayinspired.de\/en\/imprint\/\"]}]},{\"@type\":\"BreadcrumbList\",\"@id\":\"https:\/\/www.stayinspired.de\/en\/imprint\/#breadcrumb\",\"itemListElement\":[{\"@type\":\"ListItem\",\"position\":1,\"name\":\"Startseite\",\"item\":\"https:\/\/www.stayinspired.de\/en\/\"},{\"@type\":\"ListItem\",\"position\":2,\"name\":\"Imprint\"}]},{\"@type\":\"WebSite\",\"@id\":\"https:\/\/www.stayinspired.de\/en\/#website\",\"url\":\"https:\/\/www.stayinspired.de\/en\/\",\"name\":\"Stay Inspired!\",\"description\":\"Die sch\u00f6nste Papeterie\",\"potentialAction\":[{\"@type\":\"SearchAction\",\"target\":{\"@type\":\"EntryPoint\",\"urlTemplate\":\"https:\/\/www.stayinspired.de\/en\/?s={search_term_string}\"},\"query-input\":{\"@type\":\"PropertyValueSpecification\",\"valueRequired\":true,\"valueName\":\"search_term_string\"}}],\"inLanguage\":\"en-US\"}]}<\/script>\n<!-- \/ Yoast SEO plugin. -->","yoast_head_json":{"title":"Imprint | Stay Inspired!","robots":{"index":"noindex","follow":"follow"},"og_locale":"en_US","og_type":"article","og_title":"Imprint | Stay Inspired!","og_description":"Angaben gem\u00e4\u00df \u00a7 5 TMG: Nova MD GmbH Raiffeisenstr. 4 83377 Vachendorf Germany Vertreten durch: Armin Wirth Kontakt: Telefon: +49 (0) 861 166 17 32 E-Mail: info@stayinspired.de Registereintrag: Eintragung im Handelsregister Registergericht:\u00a0Traunstein Registernummer: HRB 27399 Umsatzsteuer-ID: Umsatzsteuer-Identifikationsnummer gem\u00e4\u00df \u00a727 a Umsatzsteuergesetz: DE 201485 165 Verantwortlich f\u00fcr den Inhalt nach \u00a7 55 Abs. 2 RStV: Armin...","og_url":"https:\/\/www.stayinspired.de\/en\/imprint\/","og_site_name":"Stay Inspired!","twitter_card":"summary_large_image","twitter_misc":{"Est. reading time":"2 minutes"},"schema":{"@context":"https:\/\/schema.org","@graph":[{"@type":"WebPage","@id":"https:\/\/www.stayinspired.de\/en\/imprint\/","url":"https:\/\/www.stayinspired.de\/en\/imprint\/","name":"Imprint | Stay Inspired!","isPartOf":{"@id":"https:\/\/www.stayinspired.de\/en\/#website"},"datePublished":"2020-06-04T13:58:22+00:00","breadcrumb":{"@id":"https:\/\/www.stayinspired.de\/en\/imprint\/#breadcrumb"},"inLanguage":"en-US","potentialAction":[{"@type":"ReadAction","target":["https:\/\/www.stayinspired.de\/en\/imprint\/"]}]},{"@type":"BreadcrumbList","@id":"https:\/\/www.stayinspired.de\/en\/imprint\/#breadcrumb","itemListElement":[{"@type":"ListItem","position":1,"name":"Startseite","item":"https:\/\/www.stayinspired.de\/en\/"},{"@type":"ListItem","position":2,"name":"Imprint"}]},{"@type":"WebSite","@id":"https:\/\/www.stayinspired.de\/en\/#website","url":"https:\/\/www.stayinspired.de\/en\/","name":"Stay Inspired!","description":"Die sch\u00f6nste Papeterie","potentialAction":[{"@type":"SearchAction","target":{"@type":"EntryPoint","urlTemplate":"https:\/\/www.stayinspired.de\/en\/?s={search_term_string}"},"query-input":{"@type":"PropertyValueSpecification","valueRequired":true,"valueName":"search_term_string"}}],"inLanguage":"en-US"}]}},"_links":{"self":[{"href":"https:\/\/www.stayinspired.de\/en\/wp-json\/wp\/v2\/pages\/125334","targetHints":{"allow":["GET"]}}],"collection":[{"href":"https:\/\/www.stayinspired.de\/en\/wp-json\/wp\/v2\/pages"}],"about":[{"href":"https:\/\/www.stayinspired.de\/en\/wp-json\/wp\/v2\/types\/page"}],"author":[{"embeddable":true,"href":"https:\/\/www.stayinspired.de\/en\/wp-json\/wp\/v2\/users\/1"}],"replies":[{"embeddable":true,"href":"https:\/\/www.stayinspired.de\/en\/wp-json\/wp\/v2\/comments?post=125334"}],"version-history":[{"count":0,"href":"https:\/\/www.stayinspired.de\/en\/wp-json\/wp\/v2\/pages\/125334\/revisions"}],"wp:attachment":[{"href":"https:\/\/www.stayinspired.de\/en\/wp-json\/wp\/v2\/media?parent=125334"}],"curies":[{"name":"wp","href":"https:\/\/api.w.org\/{rel}","templated":true}]}}